{"id":511,"date":"2021-01-08T11:45:54","date_gmt":"2021-01-08T10:45:54","guid":{"rendered":"http:\/\/hipposcore.com\/?page_id=511"},"modified":"2021-01-08T11:58:45","modified_gmt":"2021-01-08T10:58:45","slug":"gaming-sounds","status":"publish","type":"page","link":"https:\/\/hipposcore.com\/en\/gaming-sounds\/","title":{"rendered":"Gaming Sounds"},"content":{"rendered":"\n<div class=\"wp-block-image\"><figure class=\"aligncenter size-large is-resized\"><img decoding=\"async\" loading=\"lazy\" src=\"http:\/\/hipposcore.com\/wp-content\/uploads\/2021\/01\/WFO_Gaming_Sounds_300dpi_sRGB.jpg\" alt=\"\" class=\"wp-image-534\" width=\"769\" height=\"656\" srcset=\"https:\/\/hipposcore.com\/wp-content\/uploads\/2021\/01\/WFO_Gaming_Sounds_300dpi_sRGB.jpg 1025w, https:\/\/hipposcore.com\/wp-content\/uploads\/2021\/01\/WFO_Gaming_Sounds_300dpi_sRGB-300x256.jpg 300w, https:\/\/hipposcore.com\/wp-content\/uploads\/2021\/01\/WFO_Gaming_Sounds_300dpi_sRGB-768x656.jpg 768w\" sizes=\"(max-width: 769px) 100vw, 769px\" \/><\/figure><\/div>\n\n\n\n<p style=\"color:#0071a1\" class=\"has-text-color\"><strong>BESETZUNG<\/strong><\/p>\n\n\n\n<p>2d1(BassFl, Picc).2d1(ca).2.2 &#8211; 0.0.0.0 &#8211; Perc(1) &#8211; Pno &#8211; Hp &#8211; Solo-Violine.Streicher<\/p>\n\n\n\n<p style=\"color:#0071a1\" class=\"has-text-color\"><strong>PROGRAMM<\/strong><\/p>\n\n\n\n<p>TETRIS &#8211; Korobeiniki<br>DIE SIEDLER 7 &#8211; New World&#8217;s Dawn<br>ANNO 1701 &#8211; Next to the Throne<br>ANNO 1701 &#8211; Hail the Noblemen<br>ANNO 1404 &#8211; Grandiose Magnificence<br>VICTORIA 2 &#8211; Concert Suite<br>ASSASSIN&#8217;S CREED: SYNDICATE &#8211; Ballet of Blades<br>EVERYBODY&#8217;S GONE TO THE RAPTURE  &#8211; The Seventh Whistler<br>EVERYBODY&#8217;S GONE TO THE RAPTURE &#8211; An Early Harvest<br>THE LION&#8217;S SONG &#8211; Main Theme<br>HEARTS OF IRON 4 &#8211; Main Theme Allies<br>JOURNEY &#8211; Nascence + Apotheosis<br>ABZ\u00db &#8211; Delphinus Delphis<br>[Zugabe] ANGRY BIRDS &#8211; Theme<\/p>\n\n\n\n<p>Beauftragt vom WDR Funkhausorchester und aufgef\u00fchrt am 20. November 2020 unter der Leitung von Michael Seal. Moderiert wurde das Konzert von Bundesliga-Kommentator Robby Hunke.<\/p>\n\n\n\n<p style=\"color:#0071a1\" class=\"has-text-color\"><strong>HINTERGRUND<\/strong><\/p>\n\n\n\n<p>Dieses Konzertprogramm wurde aufgrund der Restriktionen im Rahmen der Corona-Pandemie f\u00fcr eine reduzierte B\u00fchnenbesetzung konzipiert, wonach maximal 28 Musiker auf der B\u00fchne stehen durften (diese Zahl durfte im Lauf der Planungen erfreulicherweise auf 38 angehoben werden). Unter Ber\u00fccksichtigung des verf\u00fcgbaren Repertoires fiel die Wahl dann auf eine eher ungew\u00f6hnliche Orchesterbesetzung ohne Blechbl\u00e4ser.<\/p>\n\n\n\n<p>Mein Ziel bei der Programmerstellung war ein musikalisch hochwertiges und neuartiges Konzertprogramm, das sich von anderen Games-Programmen und der \u00fcblichen Auswahl an Titeln abhebt. So sollten zwar einerseits bekannte Games und Musiktitel im Programm vorkommen (TETRIS, ANGRY BIRDS, ASSASSIN&#8217;S CREED, JOURNEY), aber auch St\u00fccke, die zwar musikalisch sehr interessant, aber bisher noch wenig oder keine Aufmerksamtkeit in Konzerten bekommen haben (THE LION&#8217;S SONG, VICTORIA 2, HEARTS OF IRON 4, ABZ\u00db, EVERYBODY&#8217;S GONE TO THE RAPTURE). Komplettiert wurde das Programm dann noch durch &#8220;Klassiker&#8221; der deutschen Spielelandschaft, ANNO und DIE SIEDLER.<\/p>\n\n\n\n<p> <iframe loading=\"lazy\" title=\"Angry Birds Theme - Ari Pulkkinen | WDR Funkhausorchester\" width=\"456\" height=\"257\" src=\"https:\/\/www.youtube.com\/embed\/RM1hQvvNd-o?list=PLnc7pqm_9UPJVCS7TUJtk_znJNQGJPW09\" frameborder=\"0\" allow=\"accelerometer; autoplay; clipboard-write; encrypted-media; gyroscope; picture-in-picture\" allowfullscreen><\/iframe>  <\/p>\n\n\n\n<p>F\u00fcr die verf\u00fcgbare Besetzung eigneten sich unter anderem Titel aus historischen Strategiespielen hervorragend, deren Musik stark barocken oder klassischen Charakter hat und damit gleichzeitig eine interessante neue Perspektive auf Videospielmusik abseits des gewohnten &#8220;Soundtrack-Klangs&#8221; bieten konnte. Auch Zuh\u00f6rer, die bisher keine Ber\u00fchrungspunkte mit Videospielmusik hatten, konnten so die Vielseitigkeit und den k\u00fcnstlerischen Wert von Game Music erleben.<\/p>\n\n\n\n<p>Da das Konzert im Livestream f\u00fcr ein breites Publikum zug\u00e4nglich war, wollte ich bei der Titelauswahl besonders darauf achten, dass m\u00f6glichst viele Instrumente und m\u00f6glichst viele Musiker einmal hervorgehoben pr\u00e4sentiert werden und solistisch &#8220;scheinen&#8221; k\u00f6nnen. So finden sich \u00fcber das Programm Solostellen oder hervorgehobene Passagen z.B. in Fl\u00f6te, Oboe, Klarinette, Violine, Bratsche und Cello.<\/p>\n\n\n\n<p> <iframe loading=\"lazy\" title=\"Journey \u2013 Nascence\/Apotheosis | WDR Funkhausorchester\" width=\"456\" height=\"257\" src=\"https:\/\/www.youtube.com\/embed\/lZkfHZAhOY4?list=PLnc7pqm_9UPJVCS7TUJtk_znJNQGJPW09\" frameborder=\"0\" allow=\"accelerometer; autoplay; clipboard-write; encrypted-media; gyroscope; picture-in-picture\" allowfullscreen><\/iframe> <\/p>\n\n\n\n<p> Mehrere Titel aus dem Programm wurden f\u00fcr das Konzert extra neu  arrangiert oder auf die verf\u00fcgbare Besetzung angepasst. Neben weiteren  Arrangeuren habe auch ich selbst zwei Neuarrangements zu VICTORIA 2 und  HEARTS OF IRON 4 beigetragen. <\/p>\n\n\n\n<p><iframe loading=\"lazy\" title=\"Hearts of Iron 4 (HoI 4) - Main Theme Allies | WDR Funkhausorchester\" width=\"456\" height=\"257\" src=\"https:\/\/www.youtube.com\/embed\/xHL_KnZuyN4?list=PLnc7pqm_9UPJVCS7TUJtk_znJNQGJPW09\" frameborder=\"0\" allow=\"accelerometer; autoplay; clipboard-write; encrypted-media; gyroscope; picture-in-picture\" allowfullscreen><\/iframe><\/p>\n\n\n\n<p>Eine YouTube-Playlist mit Aufnahmen aus dem Konzert kann hier angesehen werden: <br><a href=\"https:\/\/www.youtube.com\/playlist?list=PLnc7pqm_9UPJVCS7TUJtk_znJNQGJPW09\">https:\/\/www.youtube.com\/playlist?list=PLnc7pqm_9UPJVCS7TUJtk_znJNQGJPW09<\/a><\/p>\n\n\n\n<p><br><\/p>\n\n\n\n<p><\/p>\n","protected":false},"excerpt":{"rendered":"<p>BESETZUNG 2d1(BassFl, Picc).2d1(ca).2.2 &#8211; 0.0.0.0 &#8211; Perc(1) &#8211; Pno &#8211; Hp &#8211; Solo-Violine.Streicher PROGRAMM TETRIS &#8211; KorobeinikiDIE SIEDLER 7 &#8211; New World&#8217;s DawnANNO 1701 &#8211; Next to the ThroneANNO 1701 &#8211; Hail the NoblemenANNO 1404 &#8211; Grandiose MagnificenceVICTORIA 2 &#8211;<\/p>\n","protected":false},"author":1,"featured_media":0,"parent":0,"menu_order":0,"comment_status":"closed","ping_status":"closed","template":"","meta":[],"translation":{"provider":"WPGlobus","version":"3.0.0","language":"en","enabled_languages":["de","en"],"languages":{"de":{"title":true,"content":true,"excerpt":false},"en":{"title":false,"content":false,"excerpt":false}}},"_links":{"self":[{"href":"https:\/\/hipposcore.com\/en\/wp-json\/wp\/v2\/pages\/511"}],"collection":[{"href":"https:\/\/hipposcore.com\/en\/wp-json\/wp\/v2\/pages"}],"about":[{"href":"https:\/\/hipposcore.com\/en\/wp-json\/wp\/v2\/types\/page"}],"author":[{"embeddable":true,"href":"https:\/\/hipposcore.com\/en\/wp-json\/wp\/v2\/users\/1"}],"replies":[{"embeddable":true,"href":"https:\/\/hipposcore.com\/en\/wp-json\/wp\/v2\/comments?post=511"}],"version-history":[{"count":9,"href":"https:\/\/hipposcore.com\/en\/wp-json\/wp\/v2\/pages\/511\/revisions"}],"predecessor-version":[{"id":537,"href":"https:\/\/hipposcore.com\/en\/wp-json\/wp\/v2\/pages\/511\/revisions\/537"}],"wp:attachment":[{"href":"https:\/\/hipposcore.com\/en\/wp-json\/wp\/v2\/media?parent=511"}],"curies":[{"name":"wp","href":"https:\/\/api.w.org\/{rel}","templated":true}]}}